{"id":22876,"date":"2021-11-22T20:03:46","date_gmt":"2021-11-22T18:03:46","guid":{"rendered":"https:\/\/activest.ee\/?post_type=product&#038;p=22876"},"modified":"2021-11-27T18:49:42","modified_gmt":"2021-11-27T16:49:42","slug":"meru-magi-ngorongoro-kraater-ja-aafrika-suur-viisik-matka-ning-safarireis-tansaaniasse-8-paeva","status":"publish","type":"product","link":"https:\/\/www.activest.ee\/et\/toode\/meru-magi-ngorongoro-kraater-ja-aafrika-suur-viisik-matka-ning-safarireis-tansaaniasse-8-paeva\/","title":{"rendered":"Meru m\u00e4gi, Ngorongoro kraater ja Aafrika suur viisik &#8211; matka ning safarireis Tansaaniasse 8 p\u00e4eva"},"content":{"rendered":"<div class=\"fusion-fullwidth fullwidth-box fusion-builder-row-1 nonhundred-percent-fullwidth non-hundred-percent-height-scrolling\" style=\"background-color: rgba(255,255,255,0);background-position: center center;background-repeat: no-repeat;padding-top:0px;padding-right:0px;padding-bottom:0px;padding-left:0px;margin-bottom: 0px;margin-top: 0px;border-width: 0px 0px 0px 0px;border-color:#eae9e9;border-style:solid;\" ><div class=\"fusion-builder-row fusion-row\"><div class=\"fusion-layout-column fusion_builder_column fusion-builder-column-0 fusion_builder_column_1_1 1_1 fusion-one-full fusion-column-first fusion-column-last\" style=\"margin-top:0px;margin-bottom:20px;\"><div class=\"fusion-column-wrapper fusion-flex-column-wrapper-legacy\" style=\"background-position:left top;background-repeat:no-repeat;-webkit-background-size:cover;-moz-background-size:cover;-o-background-size:cover;background-size:cover;padding: 0px 0px 0px 0px;\"><div class=\"fusion-button-wrapper\"><style type=\"text\/css\">.fusion-button.button-1 {border-radius:2px;}<\/style><a class=\"fusion-button button-flat fusion-button-default-size button-default button-1 fusion-button-default-span fusion-button-default-type\" target=\"_self\" href=\"#description\"><span class=\"fusion-button-text\">Reisikirjeldus l\u00fchidalt<\/span><\/a><\/div><div class=\"fusion-button-wrapper\"><style type=\"text\/css\">.fusion-button.button-2 {border-radius:2px;}<\/style><a class=\"fusion-button button-flat fusion-button-default-size button-default button-2 fusion-button-default-span fusion-button-default-type\" target=\"_self\" href=\"#detailed\"><span class=\"fusion-button-text\">T\u00e4pne p\u00e4evakava<\/span><\/a><\/div><div class=\"fusion-button-wrapper\"><style type=\"text\/css\">.fusion-button.button-3 {border-radius:2px;}<\/style><a class=\"fusion-button button-flat fusion-button-default-size button-default button-3 fusion-button-default-span fusion-button-default-type\" target=\"_self\" href=\"#price\"><span class=\"fusion-button-text\">Hind ja kuup\u00e4evad<\/span><\/a><\/div><div class=\"fusion-clearfix\"><\/div><\/div><\/div><div class=\"fusion-layout-column fusion_builder_column fusion-builder-column-1 fusion_builder_column_1_1 1_1 fusion-one-full fusion-column-first fusion-column-last\" style=\"margin-top:0px;margin-bottom:20px;\"><div class=\"fusion-column-wrapper fusion-flex-column-wrapper-legacy\" style=\"background-position:left top;background-repeat:no-repeat;-webkit-background-size:cover;-moz-background-size:cover;-o-background-size:cover;background-size:cover;padding: 0px 0px 0px 0px;\"><div class=\"fusion-text fusion-text-1\" style=\"transform:translate3d(0,0,0);\"><\/div><div class=\"fusion-clearfix\"><\/div><\/div><\/div><div class=\"fusion-layout-column fusion_builder_column fusion-builder-column-2 fusion_builder_column_1_1 1_1 fusion-one-full fusion-column-first fusion-column-last\" style=\"margin-top:0px;margin-bottom:20px;\"><div class=\"fusion-column-wrapper fusion-flex-column-wrapper-legacy\" style=\"background-position:left top;background-repeat:no-repeat;-webkit-background-size:cover;-moz-background-size:cover;-o-background-size:cover;background-size:cover;padding: 0px 0px 0px 0px;\"><div class=\"fusion-menu-anchor\" id=\"description\"><\/div><div class=\"fusion-text fusion-text-2\" style=\"transform:translate3d(0,0,0);\"><h2><strong>Peamine:<\/strong><\/h2>\n<ul>\n<li>matk Meru m\u00e4e tippu;<\/li>\n<li>3 safarit: Arusha ja Tarangire rahvuspargis ning Ngorongo kraatris;<\/li>\n<li>Ngorongoro kraatri matk;<\/li>\n<li>unustamatu Aafrika loodus ja kogenud loodusgiid.<\/li>\n<\/ul>\n<p>Meru m\u00e4gimatk koosneb tegelikult t\u00f5usust kahele tipule: 3800 m k\u00f5rgune V\u00e4ike Meru ja 4566 Sotsialisti tipp. Meru on kustunud vulkaanikraater, mis oli viimati aktiivne \u00fcle saja aasta tagasi. Meru m\u00e4gi asub Arusha rahvuspargis, mis on tuntud oma lopsaka looduse poolest. Lisaks matkale on plaanis kaks t\u00f5elist Aafrika safarit maasturitega savannis, et n\u00e4ha k\u00f5iki tuntumaid suuri loomi ja palju erinevaid linde.<\/p>\n<\/div><div class=\"fusion-clearfix\"><\/div><\/div><\/div><div class=\"fusion-layout-column fusion_builder_column fusion-builder-column-3 fusion_builder_column_1_1 1_1 fusion-one-full fusion-column-first fusion-column-last\" style=\"margin-top:0px;margin-bottom:20px;\"><div class=\"fusion-column-wrapper fusion-flex-column-wrapper-legacy\" style=\"background-position:left top;background-repeat:no-repeat;-webkit-background-size:cover;-moz-background-size:cover;-o-background-size:cover;background-size:cover;padding: 0px 0px 0px 0px;\"><div class=\"fusion-menu-anchor\" id=\"detailed\"><\/div><div class=\"fusion-text fusion-text-3\" style=\"transform:translate3d(0,0,0);\"><h2>1. p\u00e4ev: Kilimanjaro lennujaamast Moshisse<\/h2>\n<p>Lennujaamast s\u00f5idutatakse meid hotelli. Seal tehakse meile p\u00f5hjalik \u00fclevaade ees ootavast matkast, tutvustatakse kohalikke olusid ja koos vaatame \u00fcle varustus. Peale instruktsiooni \u00f5htus\u00f6\u00f6k ja puhkus hotellis.<\/p>\n<h2>2. p\u00e4ev: Matk Miriakamba m\u00e4gimajakestesse<\/h2>\n<p>Hommiku llahkume Moshist. Meie ekspeditsioon algab s\u00f5iduga Arusha rahvusparki, mis v\u00f5tab aega umbes tunni. Arusha rahvuspargis lokkav taimestiku ja loomastiku mitmekesisus on lummav. Peale pargi formaalsuste t\u00e4itmist alustame oma matka Ngarenanyuki j\u00f5e \u00e4\u00e4rest \u00fcle avatud rohumaade 2520 m k\u00f5rgusele Miriakamba m\u00e4gimajaketsesse. Juba teel sinna v\u00f5ime kohata esimesi p\u00fchvleid, kaelkirjakuid, t\u00fc\u00fcgassigu, sebrasid ja gaselle. Kogu matka ajal saadavad meid rahvuspargi ranger ja professionaalne m\u00e4gigiid.<br \/>\nKohale j\u00f5udes ootab meid ees maitsev \u00f5htus\u00f6\u00f6k Aafrika stiilis.<\/p>\n<h2>3. p\u00e4ev: Matk l\u00e4bi vihmametsa V\u00e4ike Meru m\u00e4ele<\/h2>\n<p>Peale rikkaliku hommikus\u00f6\u00f6ki k\u00f5nnime m\u00f6\u00f6da j\u00e4rsku rada l\u00e4bi ebamaise roosipuudega vihmametsa m\u00e4gilaagisse 3570 k\u00f5rgusel Meru sadulal. Aklimatiseerumiseks ja vaadete nautimiseks t\u00f5useme veel 230 m k\u00f5rgemal asuvale V\u00e4ikesele Merule, kust avaneb suurep\u00e4raseid pildid Kilimanjarole. Kuid p\u00e4rast \u00f5htus\u00f6\u00f6ki on parem kohe magamiskotti pugeda, sest veidi p\u00e4rast s\u00fcda\u00f6\u00f6d alustame t\u00f5usu matka k\u00f5rgeimasse tippu.<\/p>\n<h2>4. p\u00e4ev: Tipuvallutus!<\/h2>\n<p>T\u00f5us Meru ehk Sotsialisti m\u00e4e tippu algab veidi p\u00e4rast s\u00fcda\u00f6\u00f6d. J\u00e4rgmise viie tunni jooksul valgustavad meie teed laternad, aga tippu j\u00f5udes avaneb uhke vaade kogu m\u00e4estikule. Tiput\u00f5us on v\u00e4ljakutse, kuid alles valges tagasiteel Rhino Pointi n\u00e4eme seda mitmekesist Aafrika maastikku, kus alles paar tundi tagasi pimedas matkasime K\u00f5ige muljetavaldavam on kindlasti kuulus endine vulkaan &#8220;Tuhakoonus&#8221;, just lummavate vaadete t\u00f5ttu erineb laskumine tiput\u00f5usust. L\u00f5unatame rahulikult taas m\u00e4gionnis, enne kui veel kaks tundi Miriakamba laagrisse laskume, kuhu \u00f6\u00f6bima j\u00e4\u00e4me.<\/p>\n<h2>5. p\u00e4ev: Laskumine Miriakamba m\u00e4gimajast kuni Momela v\u00e4ravani<\/h2>\n<p>Naudime hommikus\u00f6\u00f6ki ja seej\u00e4rel alustame matka viimast osa, taaskord l\u00e4bi Arusha rahvuspargi \u201cn\u00f5iutud\u201d vihmametsa, v\u00f5imalusega n\u00e4ha erinevaid loomi ja linde. Momela v\u00e4ravani j\u00f5udes on v\u00f5imalus puhata ja suveniire osta. Africa Toursi s\u00f5iduk ootab teid ja viib teid tagasi teie majutuskohta Moshisse.<\/p>\n<h2>6. p\u00e4ev: Safari p\u00e4ev Tarangire rahvuspargis<\/h2>\n<p>Varahommikul lahkume Moshist Tarangire rahvusparki. Peagi j\u00f5uate Tarangire&#8217;i rahvusparki, kus on tohutud termiitide m\u00e4ed ja vanad ahvileivapuud. Park on tuntud oma mitmekesiste linnuliikide ja suurte elevandi karjade poolest. Siin v\u00f5ib kohata l\u00f5visid, kaelkirjakuid, t\u00fc\u00fcgassiga, jaanalinde, impalasid, gepardeid, p\u00fchvleid ja paavianid. P\u00e4rast edukat safari algust j\u00e4tkame reisi Ngorongoro kraatriga.\u00d6\u00f6seks j\u00e4\u00e4me telkima Lake Manyara rahvuspargi l\u00e4hedal. \u00d5htus\u00f6\u00f6k serveeritakse k\u00e4mpingusse saabumisel.<\/p>\n<h2>7. p\u00e4ev: Ngorongoro kraater Moshisse<\/h2>\n<p>Ngorongoro kraatris s\u00f5idame maastikuautodega vaatame loomi, linde ning naudime maastikke Kraatri k\u00f5rgete koonuseliste \u00e4\u00e4rte t\u00f5ttu r\u00e4ndavad loomad harva sealt v\u00e4lja. Suure \u00f5nne korral n\u00e4eme \u00fche p\u00e4eva jooksul k\u00f5iki kuulsa Aafrika \u201cBig Five\u201d esindajaid \u2013 p\u00fchvleid, elevante, ninasarvikut, l\u00f5visid ja leoparde. Teised loomad, kes meid kraatris ootavad, on sebrad, j\u00f5ehobud, gnuud ja h\u00fc\u00e4\u00e4nid. Kraater on koduks ka ulatuslikule linnuriigile, sealhulgas raisakotkastele. Uhke pilt avaneb suurest flamingo kolooniast Soda j\u00e4rvel. Hilisel p\u00e4rastl\u00f5unal j\u00f5uame tagasi Moshisse hotelli.<\/p>\n<h2>8. p\u00e4ev: tagasis\u00f5it v\u00f5i puhkus Sansibaril v\u00f5i lisa safaril.<\/h2>\n<p>Transport Kilimanjaro lennujaama v\u00f5i reisi pikendus Serengetis v\u00f5i Sansibaril<\/p>\n<\/div><div class=\"fusion-clearfix\"><\/div><\/div><\/div><div class=\"fusion-layout-column fusion_builder_column fusion-builder-column-4 fusion_builder_column_1_1 1_1 fusion-one-full fusion-column-first fusion-column-last\" style=\"margin-top:0px;margin-bottom:20px;\"><div class=\"fusion-column-wrapper fusion-flex-column-wrapper-legacy\" style=\"background-position:left top;background-repeat:no-repeat;-webkit-background-size:cover;-moz-background-size:cover;-o-background-size:cover;background-size:cover;padding: 0px 0px 0px 0px;\"><div class=\"fusion-menu-anchor\" id=\"price\"><\/div><div class=\"fusion-text fusion-text-4\" style=\"transform:translate3d(0,0,0);\"><h2>Kuup\u00e4ev:<\/h2>\n<p>2022 veebruari teine pool, t\u00e4pse kuup\u00e4eva teatame varsti<\/p>\n<h2>Hind:<\/h2>\n<pre><b>1340 eur ilma safarita (6-7 p\u00e4eva)\r\n<\/b><\/pre>\n<pre><b>1480 eur koos safariga Tarangire pargis (8 p\u00e4eva)\r\n<\/b><b><\/b><\/pre>\n<h2>Hind sisaldab<\/h2>\n<pre><strong>Matkal:<\/strong><\/pre>\n<ul>\n<li>transport reisi v\u00e4ltel ja lennujaama transfeer;<\/li>\n<li>majutus Moshis enne ja p\u00e4rast Meru m\u00e4ele ronimist;<\/li>\n<li>\u00f6\u00f6bimise matka jooksul m\u00e4gimajakestes;<\/li>\n<li>pargi-, onni- ja p\u00e4\u00e4stetasud;<\/li>\n<li>professionaalne inglise keelt k\u00f5nelev m\u00e4gigiid, portjee ja kokk;<\/li>\n<li>5x hommikus\u00f6\u00f6k; 4x l\u00f5unas\u00f6\u00f6k; 3x \u00f5htus\u00f6\u00f6k;<\/li>\n<li>vesi, tee ja kohv s\u00f6\u00f6gi k\u00f5rvale.<\/li>\n<\/ul>\n<pre><strong>Safaril:<\/strong><\/pre>\n<ul>\n<li>nelikveoline t\u00f5stetava katusega safaris\u00f5iduk (4&#215;4 Land Cruiser);<\/li>\n<li>telkimis- ja parkimistasud;<\/li>\n<li>telk &amp; madrats;<\/li>\n<li>2x hommikus\u00f6\u00f6k; 2x l\u00f5unas\u00f6\u00f6k; 1x \u00f5htus\u00f6\u00f6k;<\/li>\n<li>1,5 pudelit vett p\u00e4evas; Tee ja kohv s\u00f6\u00f6gi k\u00f5rvale;<\/li>\n<li>loodusgiid kogu safari v\u00e4ltel.<\/li>\n<\/ul>\n<\/div><div class=\"fusion-clearfix\"><\/div><\/div><\/div><\/div><\/div>\n","protected":false},"excerpt":{"rendered":"<p><span style=\"font-weight: 400;\">Selle reisi eesm\u00e4rk on matkata Aafrika k\u00f5rguselt viienda m\u00e4e otsa ja osaleda safaritel, et n\u00e4ha l\u00f5visid, elevante, kaelkirjakuid, ninasarvikuid, j\u00f5ehobusid, sebrasid, p\u00fchvleid, leoparde, gnuusid, ahve ja teisi Aafrika loomi ning eksootilisi linde. Meru on vulkaan, millele t\u00f5ustes l\u00e4bime erinevaid kliimatsoone: avatud rohumaast l\u00e4bi muindasjutulise sammaldunud ja uduse vihmametsa kuni kivise m\u00e4gimaastikuni. Selgetel varahommikutel avaneb Meru tipust fantastiline vaade \u00fcmbritsevale savannile ja Kilimand\u017eaarole. Matk on j\u00f5ukohane k\u00f5igile aktiivsetele inimestel, kellele meeldib liikuda.<\/span><\/p>\n<p>&nbsp;<\/p>\n","protected":false},"featured_media":22893,"comment_status":"open","ping_status":"closed","template":"","meta":[],"product_cat":[544,509,537],"product_tag":[],"class_list":["post-22876","product","type-product","status-publish","has-post-thumbnail","hentry","product_cat-valisreisid","product_cat-eesti","product_cat-loodusvaatlus"],"yoast_head":"<!-- This site is optimized with the Yoast SEO plugin v21.8 - https:\/\/yoast.com\/wordpress\/plugins\/seo\/ -->\n<title>Meru m\u00e4gi, Ngorongoro kraater ja Aafrika suur viisik - matka ning safarireis Tansaaniasse 8 p\u00e4eva - ActivEst<\/title>\n<meta name=\"robots\" content=\"index, follow, max-snippet:-1, max-image-preview:large, max-video-preview:-1\" \/>\n<link rel=\"canonical\" href=\"https:\/\/activest.ee\/et\/toode\/meru-magi-ngorongoro-kraater-ja-aafrika-suur-viisik-matka-ning-safarireis-tansaaniasse-8-paeva\/\" \/>\n<meta property=\"og:locale\" content=\"et_EE\" \/>\n<meta property=\"og:type\" content=\"article\" \/>\n<meta property=\"og:title\" content=\"Meru m\u00e4gi, Ngorongoro kraater ja Aafrika suur viisik - matka ning safarireis Tansaaniasse 8 p\u00e4eva - ActivEst\" \/>\n<meta property=\"og:description\" content=\"Selle reisi eesm\u00e4rk on matkata Aafrika k\u00f5rguselt viienda m\u00e4e otsa ja osaleda safaritel, et n\u00e4ha l\u00f5visid, elevante, kaelkirjakuid, ninasarvikuid, j\u00f5ehobusid, sebrasid, p\u00fchvleid, leoparde, gnuusid, ahve ja teisi Aafrika loomi ning eksootilisi linde. Meru on vulkaan, millele t\u00f5ustes l\u00e4bime erinevaid kliimatsoone: avatud rohumaast l\u00e4bi muindasjutulise sammaldunud ja uduse vihmametsa kuni kivise m\u00e4gimaastikuni. Selgetel varahommikutel avaneb Meru tipust fantastiline vaade \u00fcmbritsevale savannile ja Kilimand\u017eaarole. Matk on j\u00f5ukohane k\u00f5igile aktiivsetele inimestel, kellele meeldib liikuda.  &nbsp;\" \/>\n<meta property=\"og:url\" content=\"https:\/\/activest.ee\/et\/toode\/meru-magi-ngorongoro-kraater-ja-aafrika-suur-viisik-matka-ning-safarireis-tansaaniasse-8-paeva\/\" \/>\n<meta property=\"og:site_name\" content=\"ActivEst\" \/>\n<meta property=\"article:modified_time\" content=\"2021-11-27T16:49:42+00:00\" \/>\n<meta property=\"og:image\" content=\"https:\/\/www.activest.ee\/wp-content\/uploads\/2021\/11\/IMG_20200107_091255.jpg\" \/>\n\t<meta property=\"og:image:width\" content=\"1500\" \/>\n\t<meta property=\"og:image:height\" content=\"1125\" \/>\n\t<meta property=\"og:image:type\" content=\"image\/jpeg\" \/>\n<meta name=\"twitter:card\" content=\"summary_large_image\" \/>\n<meta name=\"twitter:label1\" content=\"Est. reading time\" \/>\n\t<meta name=\"twitter:data1\" content=\"12 minutit\" \/>\n<script type=\"application\/ld+json\" class=\"yoast-schema-graph\">{\"@context\":\"https:\/\/schema.org\",\"@graph\":[{\"@type\":\"WebPage\",\"@id\":\"https:\/\/activest.ee\/et\/toode\/meru-magi-ngorongoro-kraater-ja-aafrika-suur-viisik-matka-ning-safarireis-tansaaniasse-8-paeva\/\",\"url\":\"https:\/\/activest.ee\/et\/toode\/meru-magi-ngorongoro-kraater-ja-aafrika-suur-viisik-matka-ning-safarireis-tansaaniasse-8-paeva\/\",\"name\":\"Meru m\u00e4gi, Ngorongoro kraater ja Aafrika suur viisik - matka ning safarireis Tansaaniasse 8 p\u00e4eva - ActivEst\",\"isPartOf\":{\"@id\":\"https:\/\/activest.ee\/en\/#website\"},\"datePublished\":\"2021-11-22T18:03:46+00:00\",\"dateModified\":\"2021-11-27T16:49:42+00:00\",\"breadcrumb\":{\"@id\":\"https:\/\/activest.ee\/et\/toode\/meru-magi-ngorongoro-kraater-ja-aafrika-suur-viisik-matka-ning-safarireis-tansaaniasse-8-paeva\/#breadcrumb\"},\"inLanguage\":\"et\",\"potentialAction\":[{\"@type\":\"ReadAction\",\"target\":[\"https:\/\/activest.ee\/et\/toode\/meru-magi-ngorongoro-kraater-ja-aafrika-suur-viisik-matka-ning-safarireis-tansaaniasse-8-paeva\/\"]}]},{\"@type\":\"BreadcrumbList\",\"@id\":\"https:\/\/activest.ee\/et\/toode\/meru-magi-ngorongoro-kraater-ja-aafrika-suur-viisik-matka-ning-safarireis-tansaaniasse-8-paeva\/#breadcrumb\",\"itemListElement\":[{\"@type\":\"ListItem\",\"position\":1,\"name\":\"Home\",\"item\":\"https:\/\/www.activest.ee\/et\/\"},{\"@type\":\"ListItem\",\"position\":2,\"name\":\"Shop\",\"item\":\"https:\/\/activest.ee\/et\/shop-2\/\"},{\"@type\":\"ListItem\",\"position\":3,\"name\":\"Meru m\u00e4gi, Ngorongoro kraater ja Aafrika suur viisik &#8211; matka ning safarireis Tansaaniasse 8 p\u00e4eva\"}]},{\"@type\":\"WebSite\",\"@id\":\"https:\/\/activest.ee\/en\/#website\",\"url\":\"https:\/\/activest.ee\/en\/\",\"name\":\"ActivEst\",\"description\":\"Tuurid, perepuhkus, loodusretked, seiklusretked\",\"potentialAction\":[{\"@type\":\"SearchAction\",\"target\":{\"@type\":\"EntryPoint\",\"urlTemplate\":\"https:\/\/activest.ee\/en\/?s={search_term_string}\"},\"query-input\":\"required name=search_term_string\"}],\"inLanguage\":\"et\"}]}<\/script>\n<!-- \/ Yoast SEO plugin. -->","yoast_head_json":{"title":"Meru m\u00e4gi, Ngorongoro kraater ja Aafrika suur viisik - matka ning safarireis Tansaaniasse 8 p\u00e4eva - ActivEst","robots":{"index":"index","follow":"follow","max-snippet":"max-snippet:-1","max-image-preview":"max-image-preview:large","max-video-preview":"max-video-preview:-1"},"canonical":"https:\/\/activest.ee\/et\/toode\/meru-magi-ngorongoro-kraater-ja-aafrika-suur-viisik-matka-ning-safarireis-tansaaniasse-8-paeva\/","og_locale":"et_EE","og_type":"article","og_title":"Meru m\u00e4gi, Ngorongoro kraater ja Aafrika suur viisik - matka ning safarireis Tansaaniasse 8 p\u00e4eva - ActivEst","og_description":"Selle reisi eesm\u00e4rk on matkata Aafrika k\u00f5rguselt viienda m\u00e4e otsa ja osaleda safaritel, et n\u00e4ha l\u00f5visid, elevante, kaelkirjakuid, ninasarvikuid, j\u00f5ehobusid, sebrasid, p\u00fchvleid, leoparde, gnuusid, ahve ja teisi Aafrika loomi ning eksootilisi linde. Meru on vulkaan, millele t\u00f5ustes l\u00e4bime erinevaid kliimatsoone: avatud rohumaast l\u00e4bi muindasjutulise sammaldunud ja uduse vihmametsa kuni kivise m\u00e4gimaastikuni. Selgetel varahommikutel avaneb Meru tipust fantastiline vaade \u00fcmbritsevale savannile ja Kilimand\u017eaarole. Matk on j\u00f5ukohane k\u00f5igile aktiivsetele inimestel, kellele meeldib liikuda.  &nbsp;","og_url":"https:\/\/activest.ee\/et\/toode\/meru-magi-ngorongoro-kraater-ja-aafrika-suur-viisik-matka-ning-safarireis-tansaaniasse-8-paeva\/","og_site_name":"ActivEst","article_modified_time":"2021-11-27T16:49:42+00:00","og_image":[{"width":1500,"height":1125,"url":"https:\/\/www.activest.ee\/wp-content\/uploads\/2021\/11\/IMG_20200107_091255.jpg","type":"image\/jpeg"}],"twitter_card":"summary_large_image","twitter_misc":{"Est. reading time":"12 minutit"},"schema":{"@context":"https:\/\/schema.org","@graph":[{"@type":"WebPage","@id":"https:\/\/activest.ee\/et\/toode\/meru-magi-ngorongoro-kraater-ja-aafrika-suur-viisik-matka-ning-safarireis-tansaaniasse-8-paeva\/","url":"https:\/\/activest.ee\/et\/toode\/meru-magi-ngorongoro-kraater-ja-aafrika-suur-viisik-matka-ning-safarireis-tansaaniasse-8-paeva\/","name":"Meru m\u00e4gi, Ngorongoro kraater ja Aafrika suur viisik - matka ning safarireis Tansaaniasse 8 p\u00e4eva - ActivEst","isPartOf":{"@id":"https:\/\/activest.ee\/en\/#website"},"datePublished":"2021-11-22T18:03:46+00:00","dateModified":"2021-11-27T16:49:42+00:00","breadcrumb":{"@id":"https:\/\/activest.ee\/et\/toode\/meru-magi-ngorongoro-kraater-ja-aafrika-suur-viisik-matka-ning-safarireis-tansaaniasse-8-paeva\/#breadcrumb"},"inLanguage":"et","potentialAction":[{"@type":"ReadAction","target":["https:\/\/activest.ee\/et\/toode\/meru-magi-ngorongoro-kraater-ja-aafrika-suur-viisik-matka-ning-safarireis-tansaaniasse-8-paeva\/"]}]},{"@type":"BreadcrumbList","@id":"https:\/\/activest.ee\/et\/toode\/meru-magi-ngorongoro-kraater-ja-aafrika-suur-viisik-matka-ning-safarireis-tansaaniasse-8-paeva\/#breadcrumb","itemListElement":[{"@type":"ListItem","position":1,"name":"Home","item":"https:\/\/www.activest.ee\/et\/"},{"@type":"ListItem","position":2,"name":"Shop","item":"https:\/\/activest.ee\/et\/shop-2\/"},{"@type":"ListItem","position":3,"name":"Meru m\u00e4gi, Ngorongoro kraater ja Aafrika suur viisik &#8211; matka ning safarireis Tansaaniasse 8 p\u00e4eva"}]},{"@type":"WebSite","@id":"https:\/\/activest.ee\/en\/#website","url":"https:\/\/activest.ee\/en\/","name":"ActivEst","description":"Tuurid, perepuhkus, loodusretked, seiklusretked","potentialAction":[{"@type":"SearchAction","target":{"@type":"EntryPoint","urlTemplate":"https:\/\/activest.ee\/en\/?s={search_term_string}"},"query-input":"required name=search_term_string"}],"inLanguage":"et"}]}},"_links":{"self":[{"href":"https:\/\/www.activest.ee\/et\/wp-json\/wp\/v2\/product\/22876","targetHints":{"allow":["GET"]}}],"collection":[{"href":"https:\/\/www.activest.ee\/et\/wp-json\/wp\/v2\/product"}],"about":[{"href":"https:\/\/www.activest.ee\/et\/wp-json\/wp\/v2\/types\/product"}],"replies":[{"embeddable":true,"href":"https:\/\/www.activest.ee\/et\/wp-json\/wp\/v2\/comments?post=22876"}],"wp:featuredmedia":[{"embeddable":true,"href":"https:\/\/www.activest.ee\/et\/wp-json\/wp\/v2\/media\/22893"}],"wp:attachment":[{"href":"https:\/\/www.activest.ee\/et\/wp-json\/wp\/v2\/media?parent=22876"}],"wp:term":[{"taxonomy":"product_cat","embeddable":true,"href":"https:\/\/www.activest.ee\/et\/wp-json\/wp\/v2\/product_cat?post=22876"},{"taxonomy":"product_tag","embeddable":true,"href":"https:\/\/www.activest.ee\/et\/wp-json\/wp\/v2\/product_tag?post=22876"}],"curies":[{"name":"wp","href":"https:\/\/api.w.org\/{rel}","templated":true}]}}