{"id":22818,"date":"2021-02-13T08:19:00","date_gmt":"2021-02-13T06:19:00","guid":{"rendered":"https:\/\/activest.ee\/?post_type=product&#038;p=22818"},"modified":"2022-02-19T07:59:53","modified_gmt":"2022-02-19T05:59:53","slug":"linnuvaatlus-gruppidele","status":"publish","type":"product","link":"https:\/\/www.activest.ee\/et\/toode\/linnuvaatlus-gruppidele\/","title":{"rendered":"Linnuvaatlus gruppidele"},"content":{"rendered":"<div class=\"fusion-fullwidth fullwidth-box fusion-builder-row-1 nonhundred-percent-fullwidth non-hundred-percent-height-scrolling\" style=\"background-color: rgba(255,255,255,0);background-position: center center;background-repeat: no-repeat;padding-top:0px;padding-right:0px;padding-bottom:0px;padding-left:0px;margin-bottom: 0px;margin-top: 0px;border-width: 0px 0px 0px 0px;border-color:#eae9e9;border-style:solid;\" ><div class=\"fusion-builder-row fusion-row\"><div class=\"fusion-layout-column fusion_builder_column fusion-builder-column-0 fusion_builder_column_1_1 1_1 fusion-one-full fusion-column-first fusion-column-last\" style=\"margin-top:0px;margin-bottom:20px;\"><div class=\"fusion-column-wrapper fusion-flex-column-wrapper-legacy\" style=\"background-position:left top;background-repeat:no-repeat;-webkit-background-size:cover;-moz-background-size:cover;-o-background-size:cover;background-size:cover;padding: 0px 0px 0px 0px;\"><div class=\"fusion-button-wrapper\"><style type=\"text\/css\">.fusion-button.button-1 {border-radius:2px;}<\/style><a class=\"fusion-button button-flat fusion-button-default-size button-default button-1 fusion-button-default-span fusion-button-default-type\" target=\"_self\" href=\"#description\"><span class=\"fusion-button-text\">Kirjeldus<\/span><\/a><\/div><div class=\"fusion-button-wrapper\"><style type=\"text\/css\">.fusion-button.button-2 {border-radius:2px;}<\/style><a class=\"fusion-button button-flat fusion-button-default-size button-default button-2 fusion-button-default-span fusion-button-default-type\" target=\"_self\" href=\"#price\"><span class=\"fusion-button-text\">Hinnad ja kuup\u00e4evad<\/span><\/a><\/div><div class=\"fusion-clearfix\"><\/div><\/div><\/div><div class=\"fusion-layout-column fusion_builder_column fusion-builder-column-1 fusion_builder_column_1_1 1_1 fusion-one-full fusion-column-first fusion-column-last\" style=\"margin-top:0px;margin-bottom:20px;\"><div class=\"fusion-column-wrapper fusion-flex-column-wrapper-legacy\" style=\"background-position:left top;background-repeat:no-repeat;-webkit-background-size:cover;-moz-background-size:cover;-o-background-size:cover;background-size:cover;padding: 0px 0px 0px 0px;\"><div class=\"fusion-menu-anchor\" id=\"description\"><\/div><div class=\"fusion-text fusion-text-1\" style=\"transform:translate3d(0,0,0);\"><p><b>Aeg<\/b><\/p>\n<p>Sobiv hooaeg linnuvaatluseks kevadine r\u00e4nde ja aktiivsuse periood m\u00e4rtsist juuli alguseni ning siis uuesti s\u00fcgisr\u00e4nde ajal septembris-oktoobris.<\/p>\n<p>Linnuvaatlusest maigu suhu saamiseks v\u00f5iks planeerida v\u00e4hemalt poolteist tundi ja l\u00f5pp j\u00e4\u00e4gu Teie m\u00e4\u00e4rata, sest meie v\u00e4simatud linnugiidid on Teiega v\u00e4ljas nii kaua kui v\u00f5imalik.<\/p>\n<p><b>Koht<\/b><\/p>\n<p>Linde saab vaadata igal pool aga p\u00f5nevamad on veekogude \u00e4\u00e4rsed piirkonnad, sest seal n\u00e4eme-kuuleme nii vee kui metsa linde. J\u00e4rgnevalt m\u00f5ned n\u00e4ited.<\/p>\n<p><b>Paljassaare poolsaar Tallinnas<\/b><\/p>\n<p>Paljassaare on linnuparadiis Tallinna kesklinnas! Rannik, matkarajad, roostiku torn, rannakarjamaa \u2013 palju erinevaid elupaiku v\u00e4ikesel territooriumil v\u00f5imaldavad nii l\u00fchemaid kui ka pikemaid loodusrektesid.<\/p>\n<p><b>Altm\u00f5isa k\u00fclalistemaja<\/b><\/p>\n<p>Altm\u00f5isa k\u00fclalistemaja asub Matsalu Rahvuspargis. \u00dcritust saab l\u00e4bi viia ka otse majutuse juures aga k\u00fcmne minutilise autos\u00f5idu kaugusel asub harrastajate hulgas kultuslik Haeska linnutorn.<\/p>\n<p><b>Roosta puhkek\u00fcla<\/b><\/p>\n<p>Roosta asukoht m\u00e4nnimetsas ja mere \u00e4\u00e4res pakub materjali l\u00fchemaks retkeks, kuid l\u00e4heduses asub \u00fcks Euroopa linnur\u00e4nde s\u00f5lmpunkte \u2013 P\u00f5\u00f5saspea neem.<\/p>\n<p><b>Haapsalu<\/b><\/p>\n<p>Haapsalu on Eesti linnuvaatluse pealinn. Rannapromenaadi \u00e4\u00e4res ja lossipargis on sulelised inimestega harjunud ja neid saab vaadata v\u00e4ga l\u00e4hedalt.<\/p>\n<p><b>Lahemaa<\/b><\/p>\n<p>P\u00f5hjaranniku lahed ja metsad on linnuvaatluseks ideaalsed. Sagadi ning Vihula m\u00f5is, teised Lahemaa majutusasutused ja RMK puhkealad \u2013 Lahemaal on linnuvaatluse v\u00f5imalusi palju.<\/p>\n<p><b>Ilmatsalu Tartu l\u00e4hedal<\/b><\/p>\n<p>Ilmatsalu linnuala territooriumile j\u00e4\u00e4vad erineva suurusega kalatiigid, matkarajad ja linnuvaatlustorn. Ilmatsalus leidub palju erinevaid elupaiku ja linnustik on seal liigirikas. Kalatiikidel k\u00e4ivad toitumas kotkad, p\u00f5\u00f5sastes pesitsevad v\u00e4rvulised ja tiikidel ujuvad veelinnud.<\/p>\n<p><b>Pedase-Vihterpalu<\/b><\/p>\n<p>Madalaveeline Kurkse laht meeldib veelindudele, seep\u00e4rast sobivad\u00a0 Pedase hotell ja Vihterpalu m\u00f5is v\u00e4ga h\u00e4sti.<\/p>\n<\/div><div class=\"fusion-menu-anchor\" id=\"tapsemalt\"><\/div><div class=\"fusion-clearfix\"><\/div><\/div><\/div><div class=\"fusion-layout-column fusion_builder_column fusion-builder-column-2 fusion_builder_column_1_1 1_1 fusion-one-full fusion-column-first fusion-column-last\" style=\"margin-top:0px;margin-bottom:20px;\"><div class=\"fusion-column-wrapper fusion-flex-column-wrapper-legacy\" style=\"background-position:left top;background-repeat:no-repeat;-webkit-background-size:cover;-moz-background-size:cover;-o-background-size:cover;background-size:cover;padding: 0px 0px 0px 0px;\"><div class=\"fusion-menu-anchor\" id=\"price\"><\/div><div class=\"fusion-text fusion-text-2\" style=\"transform:translate3d(0,0,0);\"><p><strong>Kuup\u00e4evad:\u00a0<\/strong>tellimuse peale kevadel ja s\u00fcgisel.<\/p>\n<p><strong>Algus ja l\u00f5pp:\u00a0<\/strong>vastavalt Teie soovidele, kuid parim aeg on hommikul ja enne l\u00f5unat<\/p>\n<p><b>Kestvus: <\/b>vastavalt Teie p\u00e4evakavale<span style=\"font-weight: 400;\"> 1,5 + tundi<\/span><\/p>\n<p><strong>Raskusaste kerge:<\/strong> m\u00f5nus jalutusk\u00e4ik<\/p>\n<p><strong>Hind <\/strong>on 35\u20ac inimesele, minimaalne \u00fcrituse hind 350\u20ac. Hinna sees:<\/p>\n<div class=\"plain\">\n<div class=\"plain_line\">\n<ul>\n<li>loodusgiidi teenust,<\/li>\n<li>binoklite ja vaatlustorude kasutamist,<\/li>\n<li>linnum\u00e4\u00e4rajate kasutamist.<\/li>\n<\/ul>\n<p>Tavaolukorras on gupi maksimaalne suurus 25 inimest, suuremate gruppide puhul on vaja eraldi kokku leppida.<\/p>\n<\/div>\n<\/div>\n<\/div><div class=\"fusion-clearfix\"><\/div><\/div><\/div><\/div><\/div>\n","protected":false},"excerpt":{"rendered":"<p>Eesti on kahtlemata \u00fcks maailma parimaid kohti linnuvaatluseks. Mis on selle aina rohkem harrastajaid\u00a0 koguva hobi juures nii k\u00f6itvat? Lisaks p\u00f5nevusele, maailmapildi avardumisele, \u201cn\u00e4gema\u201d \u00f5ppimisele ja paljudele muudele positiivsetele omadustele peetakse suleliste j\u00e4lgimist v\u00e4ga l\u00f5\u00f5gastavaks ning stressi maandavaks tegevuseks.<\/p>\n<p>Teeme loodusgiidi juhendamisel m\u00f5nusa jalutusk\u00e4igu looduses eesm\u00e4rgiga n\u00e4ha, kuulda, m\u00e4\u00e4rata ja tundma \u00f5ppida v\u00f5imalikult palju linde. Meie poolt on binoklid ja vaatlustorud, sest just kvaliteetne optika olevat linnuvaatluse populaarsuse kasvule aluse pannud.<\/p>\n","protected":false},"featured_media":22410,"comment_status":"open","ping_status":"closed","template":"","meta":[],"product_cat":[541,509,539,537,510],"product_tag":[],"class_list":["post-22818","product","type-product","status-publish","has-post-thumbnail","hentry","product_cat-sugis","product_cat-eesti","product_cat-kevad","product_cat-loodusvaatlus","product_cat-peredele"],"yoast_head":"<!-- This site is optimized with the Yoast SEO plugin v21.8 - https:\/\/yoast.com\/wordpress\/plugins\/seo\/ -->\n<title>Linnuvaatlus gruppidele - ActivEst<\/title>\n<meta name=\"robots\" content=\"index, follow, max-snippet:-1, max-image-preview:large, max-video-preview:-1\" \/>\n<link rel=\"canonical\" href=\"https:\/\/www.activest.ee\/et\/toode\/linnuvaatlus-gruppidele\/\" \/>\n<meta property=\"og:locale\" content=\"et_EE\" \/>\n<meta property=\"og:type\" content=\"article\" \/>\n<meta property=\"og:title\" content=\"Linnuvaatlus gruppidele - ActivEst\" \/>\n<meta property=\"og:description\" content=\"Eesti on kahtlemata \u00fcks maailma parimaid kohti linnuvaatluseks. Mis on selle aina rohkem harrastajaid\u00a0 koguva hobi juures nii k\u00f6itvat? Lisaks p\u00f5nevusele, maailmapildi avardumisele, \u201cn\u00e4gema\u201d \u00f5ppimisele ja paljudele muudele positiivsetele omadustele peetakse suleliste j\u00e4lgimist v\u00e4ga l\u00f5\u00f5gastavaks ning stressi maandavaks tegevuseks.  Teeme loodusgiidi juhendamisel m\u00f5nusa jalutusk\u00e4igu looduses eesm\u00e4rgiga n\u00e4ha, kuulda, m\u00e4\u00e4rata ja tundma \u00f5ppida v\u00f5imalikult palju linde. Meie poolt on binoklid ja vaatlustorud, sest just kvaliteetne optika olevat linnuvaatluse populaarsuse kasvule aluse pannud.\" \/>\n<meta property=\"og:url\" content=\"https:\/\/www.activest.ee\/et\/toode\/linnuvaatlus-gruppidele\/\" \/>\n<meta property=\"og:site_name\" content=\"ActivEst\" \/>\n<meta property=\"article:modified_time\" content=\"2022-02-19T05:59:53+00:00\" \/>\n<meta property=\"og:image\" content=\"https:\/\/www.activest.ee\/wp-content\/uploads\/2019\/11\/lagledm-1.jpg\" \/>\n\t<meta property=\"og:image:width\" content=\"800\" \/>\n\t<meta property=\"og:image:height\" content=\"525\" \/>\n\t<meta property=\"og:image:type\" content=\"image\/jpeg\" \/>\n<meta name=\"twitter:card\" content=\"summary_large_image\" \/>\n<meta name=\"twitter:label1\" content=\"Est. reading time\" \/>\n\t<meta name=\"twitter:data1\" content=\"7 minutit\" \/>\n<script type=\"application\/ld+json\" class=\"yoast-schema-graph\">{\"@context\":\"https:\/\/schema.org\",\"@graph\":[{\"@type\":\"WebPage\",\"@id\":\"https:\/\/www.activest.ee\/et\/toode\/linnuvaatlus-gruppidele\/\",\"url\":\"https:\/\/www.activest.ee\/et\/toode\/linnuvaatlus-gruppidele\/\",\"name\":\"Linnuvaatlus gruppidele - ActivEst\",\"isPartOf\":{\"@id\":\"https:\/\/activest.ee\/en\/#website\"},\"datePublished\":\"2021-02-13T06:19:00+00:00\",\"dateModified\":\"2022-02-19T05:59:53+00:00\",\"breadcrumb\":{\"@id\":\"https:\/\/www.activest.ee\/et\/toode\/linnuvaatlus-gruppidele\/#breadcrumb\"},\"inLanguage\":\"et\",\"potentialAction\":[{\"@type\":\"ReadAction\",\"target\":[\"https:\/\/www.activest.ee\/et\/toode\/linnuvaatlus-gruppidele\/\"]}]},{\"@type\":\"BreadcrumbList\",\"@id\":\"https:\/\/www.activest.ee\/et\/toode\/linnuvaatlus-gruppidele\/#breadcrumb\",\"itemListElement\":[{\"@type\":\"ListItem\",\"position\":1,\"name\":\"Home\",\"item\":\"https:\/\/www.activest.ee\/et\/\"},{\"@type\":\"ListItem\",\"position\":2,\"name\":\"Shop\",\"item\":\"https:\/\/activest.ee\/et\/shop-2\/\"},{\"@type\":\"ListItem\",\"position\":3,\"name\":\"Linnuvaatlus gruppidele\"}]},{\"@type\":\"WebSite\",\"@id\":\"https:\/\/activest.ee\/en\/#website\",\"url\":\"https:\/\/activest.ee\/en\/\",\"name\":\"ActivEst\",\"description\":\"Tuurid, perepuhkus, loodusretked, seiklusretked\",\"potentialAction\":[{\"@type\":\"SearchAction\",\"target\":{\"@type\":\"EntryPoint\",\"urlTemplate\":\"https:\/\/activest.ee\/en\/?s={search_term_string}\"},\"query-input\":\"required name=search_term_string\"}],\"inLanguage\":\"et\"}]}<\/script>\n<!-- \/ Yoast SEO plugin. -->","yoast_head_json":{"title":"Linnuvaatlus gruppidele - ActivEst","robots":{"index":"index","follow":"follow","max-snippet":"max-snippet:-1","max-image-preview":"max-image-preview:large","max-video-preview":"max-video-preview:-1"},"canonical":"https:\/\/www.activest.ee\/et\/toode\/linnuvaatlus-gruppidele\/","og_locale":"et_EE","og_type":"article","og_title":"Linnuvaatlus gruppidele - ActivEst","og_description":"Eesti on kahtlemata \u00fcks maailma parimaid kohti linnuvaatluseks. Mis on selle aina rohkem harrastajaid\u00a0 koguva hobi juures nii k\u00f6itvat? Lisaks p\u00f5nevusele, maailmapildi avardumisele, \u201cn\u00e4gema\u201d \u00f5ppimisele ja paljudele muudele positiivsetele omadustele peetakse suleliste j\u00e4lgimist v\u00e4ga l\u00f5\u00f5gastavaks ning stressi maandavaks tegevuseks.  Teeme loodusgiidi juhendamisel m\u00f5nusa jalutusk\u00e4igu looduses eesm\u00e4rgiga n\u00e4ha, kuulda, m\u00e4\u00e4rata ja tundma \u00f5ppida v\u00f5imalikult palju linde. Meie poolt on binoklid ja vaatlustorud, sest just kvaliteetne optika olevat linnuvaatluse populaarsuse kasvule aluse pannud.","og_url":"https:\/\/www.activest.ee\/et\/toode\/linnuvaatlus-gruppidele\/","og_site_name":"ActivEst","article_modified_time":"2022-02-19T05:59:53+00:00","og_image":[{"width":800,"height":525,"url":"https:\/\/www.activest.ee\/wp-content\/uploads\/2019\/11\/lagledm-1.jpg","type":"image\/jpeg"}],"twitter_card":"summary_large_image","twitter_misc":{"Est. reading time":"7 minutit"},"schema":{"@context":"https:\/\/schema.org","@graph":[{"@type":"WebPage","@id":"https:\/\/www.activest.ee\/et\/toode\/linnuvaatlus-gruppidele\/","url":"https:\/\/www.activest.ee\/et\/toode\/linnuvaatlus-gruppidele\/","name":"Linnuvaatlus gruppidele - ActivEst","isPartOf":{"@id":"https:\/\/activest.ee\/en\/#website"},"datePublished":"2021-02-13T06:19:00+00:00","dateModified":"2022-02-19T05:59:53+00:00","breadcrumb":{"@id":"https:\/\/www.activest.ee\/et\/toode\/linnuvaatlus-gruppidele\/#breadcrumb"},"inLanguage":"et","potentialAction":[{"@type":"ReadAction","target":["https:\/\/www.activest.ee\/et\/toode\/linnuvaatlus-gruppidele\/"]}]},{"@type":"BreadcrumbList","@id":"https:\/\/www.activest.ee\/et\/toode\/linnuvaatlus-gruppidele\/#breadcrumb","itemListElement":[{"@type":"ListItem","position":1,"name":"Home","item":"https:\/\/www.activest.ee\/et\/"},{"@type":"ListItem","position":2,"name":"Shop","item":"https:\/\/activest.ee\/et\/shop-2\/"},{"@type":"ListItem","position":3,"name":"Linnuvaatlus gruppidele"}]},{"@type":"WebSite","@id":"https:\/\/activest.ee\/en\/#website","url":"https:\/\/activest.ee\/en\/","name":"ActivEst","description":"Tuurid, perepuhkus, loodusretked, seiklusretked","potentialAction":[{"@type":"SearchAction","target":{"@type":"EntryPoint","urlTemplate":"https:\/\/activest.ee\/en\/?s={search_term_string}"},"query-input":"required name=search_term_string"}],"inLanguage":"et"}]}},"_links":{"self":[{"href":"https:\/\/www.activest.ee\/et\/wp-json\/wp\/v2\/product\/22818","targetHints":{"allow":["GET"]}}],"collection":[{"href":"https:\/\/www.activest.ee\/et\/wp-json\/wp\/v2\/product"}],"about":[{"href":"https:\/\/www.activest.ee\/et\/wp-json\/wp\/v2\/types\/product"}],"replies":[{"embeddable":true,"href":"https:\/\/www.activest.ee\/et\/wp-json\/wp\/v2\/comments?post=22818"}],"wp:featuredmedia":[{"embeddable":true,"href":"https:\/\/www.activest.ee\/et\/wp-json\/wp\/v2\/media\/22410"}],"wp:attachment":[{"href":"https:\/\/www.activest.ee\/et\/wp-json\/wp\/v2\/media?parent=22818"}],"wp:term":[{"taxonomy":"product_cat","embeddable":true,"href":"https:\/\/www.activest.ee\/et\/wp-json\/wp\/v2\/product_cat?post=22818"},{"taxonomy":"product_tag","embeddable":true,"href":"https:\/\/www.activest.ee\/et\/wp-json\/wp\/v2\/product_tag?post=22818"}],"curies":[{"name":"wp","href":"https:\/\/api.w.org\/{rel}","templated":true}]}}