{"id":22211,"date":"2020-11-27T17:05:02","date_gmt":"2020-11-27T15:05:02","guid":{"rendered":"https:\/\/activest.ee\/?post_type=product&#038;p=22211"},"modified":"2021-01-09T08:41:43","modified_gmt":"2021-01-09T06:41:43","slug":"fahrradtour-tallinn-hiiumaa-saaremaa-muhumaa-paernu-fahrradtour-8-tage","status":"publish","type":"product","link":"https:\/\/www.activest.ee\/et\/toode\/fahrradtour-tallinn-hiiumaa-saaremaa-muhumaa-paernu-fahrradtour-8-tage\/","title":{"rendered":"Fahrradtour Tallinn &#8211; Hiiumaa &#8211; Saaremaa &#8211; Muhumaa &#8211; P\u00e4rnu 8 Tage"},"content":{"rendered":"<div class=\"fusion-fullwidth fullwidth-box fusion-builder-row-1 nonhundred-percent-fullwidth non-hundred-percent-height-scrolling\" style=\"background-color: rgba(255,255,255,0);background-position: center center;background-repeat: no-repeat;padding-top:0px;padding-right:0px;padding-bottom:0px;padding-left:0px;margin-bottom: 0px;margin-top: 0px;border-width: 0px 0px 0px 0px;border-color:#eae9e9;border-style:solid;\" ><div class=\"fusion-builder-row fusion-row\"><div class=\"fusion-layout-column fusion_builder_column fusion-builder-column-0 fusion_builder_column_1_1 1_1 fusion-one-full fusion-column-first fusion-column-last\" style=\"margin-top:0px;margin-bottom:20px;\"><div class=\"fusion-column-wrapper fusion-flex-column-wrapper-legacy\" style=\"background-position:left top;background-repeat:no-repeat;-webkit-background-size:cover;-moz-background-size:cover;-o-background-size:cover;background-size:cover;padding: 0px 0px 0px 0px;\"><div class=\"fusion-button-wrapper\"><style type=\"text\/css\">.fusion-button.button-1 {border-radius:2px;}<\/style><a class=\"fusion-button button-flat fusion-button-default-size button-default button-1 fusion-button-default-span fusion-button-default-type\" target=\"_self\" href=\"#description\"><span class=\"fusion-button-text\">Reisebeschreibung<\/span><\/a><\/div><div class=\"fusion-button-wrapper\"><style type=\"text\/css\">.fusion-button.button-2 {border-radius:2px;}<\/style><a class=\"fusion-button button-flat fusion-button-default-size button-default button-2 fusion-button-default-span fusion-button-default-type\" target=\"_self\" href=\"#detailed\"><span class=\"fusion-button-text\">Detailbeschreibung<\/span><\/a><\/div><div class=\"fusion-button-wrapper\"><style type=\"text\/css\">.fusion-button.button-3 {border-radius:2px;}<\/style><a class=\"fusion-button button-flat fusion-button-default-size button-default button-3 fusion-button-default-span fusion-button-default-type\" target=\"_self\" href=\"#price\"><span class=\"fusion-button-text\">Termine und Preis<\/span><\/a><\/div><div class=\"fusion-clearfix\"><\/div><\/div><\/div><div class=\"fusion-layout-column fusion_builder_column fusion-builder-column-1 fusion_builder_column_1_1 1_1 fusion-one-full fusion-column-first fusion-column-last\" style=\"margin-top:0px;margin-bottom:20px;\"><div class=\"fusion-column-wrapper fusion-flex-column-wrapper-legacy\" style=\"background-position:left top;background-repeat:no-repeat;-webkit-background-size:cover;-moz-background-size:cover;-o-background-size:cover;background-size:cover;padding: 0px 0px 0px 0px;\"><div class=\"fusion-text fusion-text-1\" style=\"transform:translate3d(0,0,0);\"><\/div><div class=\"fusion-clearfix\"><\/div><\/div><\/div><div class=\"fusion-layout-column fusion_builder_column fusion-builder-column-2 fusion_builder_column_1_1 1_1 fusion-one-full fusion-column-first fusion-column-last\" style=\"margin-top:0px;margin-bottom:20px;\"><div class=\"fusion-column-wrapper fusion-flex-column-wrapper-legacy\" style=\"background-position:left top;background-repeat:no-repeat;-webkit-background-size:cover;-moz-background-size:cover;-o-background-size:cover;background-size:cover;padding: 0px 0px 0px 0px;\"><div class=\"fusion-menu-anchor\" id=\"description\"><\/div><div class=\"fusion-text fusion-text-2\" style=\"transform:translate3d(0,0,0);\"><div class=\"video-shortcode\"><iframe title=\"5. Radtour f&amp;uuml;r Geniesser auf der Trauminsel Hiiumaa\" src=\"https:\/\/player.vimeo.com\/video\/438114595?dnt=1&amp;app_id=122963\" width=\"1100\" height=\"619\" frameborder=\"0\" allow=\"autoplay; fullscreen\" allowfullscreen><\/iframe><\/div>\n<\/div><div class=\"fusion-clearfix\"><\/div><\/div><\/div><div class=\"fusion-layout-column fusion_builder_column fusion-builder-column-3 fusion_builder_column_1_1 1_1 fusion-one-full fusion-column-first fusion-column-last\" style=\"margin-top:0px;margin-bottom:20px;\"><div class=\"fusion-column-wrapper fusion-flex-column-wrapper-legacy\" style=\"background-position:left top;background-repeat:no-repeat;-webkit-background-size:cover;-moz-background-size:cover;-o-background-size:cover;background-size:cover;padding: 0px 0px 0px 0px;\"><div class=\"fusion-menu-anchor\" id=\"detailed\"><\/div><div class=\"fusion-text fusion-text-3\" style=\"transform:translate3d(0,0,0);\"><h2><b>Tag 1: Radtour von Tallinn nach Padise (65 km)<\/b><\/h2>\n<p><span style=\"font-weight: 400;\">Die Tour folgt der Nordk\u00fcste Estlands. Auf Klippen folgen sch\u00f6ne Sandstr\u00e4nde. Nach einigen H\u00f6hen und Tiefen gelangen Sie zur T\u00fcrisalu-Glint K\u00fcste. Genie\u00dfen Sie den Blick auf die Inseln Naissaar und V\u00e4\u00e4na-J\u00f5esuu. Machen Sie eine Spaziergang zum Keila-Joa-Wasserfall, den drittgr\u00f6\u00dfte Wasserfall Estlands.\u00a0 Am Abend lohnt sich das Abendessen im wundersch\u00f6nen Padise Manor, das sich neben den mystischen Ruinen des Padise-Klosters befindet. Unterkunft im Hotel.<\/span><\/p>\n<h2><b>Tag 2: Radtour von Padise nach Haapsalu (55 km)<\/b><\/h2>\n<p><span style=\"font-weight: 400;\">Dieser Tag ist nur ein Fahrttag. Sie k\u00f6nnen da die vielf\u00e4ltige Natur Estlands wundern: Die Route f\u00fchrt durch W\u00e4lder und Felder, Sie kommen an einigen Mooren vorbei. F\u00fcr ein so kleines Land ist die Vielfalt der Landschaften Estlands in Europa einzigartig. Das Highlight des Tages ist Haapsalu &#8211; ein charmanter Badeort, der f\u00fcr seine Auswahl an Wellnesshotels und sch\u00f6nen Str\u00e4nden bekannt ist. Die Altstadt ist ebenfalls beliebt und auf der Bischofsburg von Haapsalu, die von einer wei\u00dfen Dame heimgesucht wird, finden zahlreiche Veranstaltungen statt, darunter verschiedene Musikfestivals. Die Unterbringung erfolgt in einem kleinen Hotel im Haapsalu.<\/span><\/p>\n<h2><b>Tag 3: Radtour zur Insel Hiiumaa (10 km + 1,5 Stunden mit der F\u00e4hre + 58 km)<\/b><\/h2>\n<p><span style=\"font-weight: 400;\">An diesem Tag f\u00fchrt Sie die Tour zur zweitgr\u00f6\u00dften Insel Estlands &#8211; Hiiumaa. Hiiumaa entstand infolge einer Meteoritenexplosion und ist eine der \u00e4ltesten Inseln der Welt. Hiiumaa ist bekannt f\u00fcr seine tolle Leuchtt\u00fcrme, die unber\u00fchrte Natur, Halbinsel Kassari und den Sinn f\u00fcr Humor seiner Bewohner. Nach ca. 1,5 Stunden mit der F\u00e4hre bringt Sie die Route in die Hauptstadt K\u00e4rdla von Hiiumaa, die f\u00fcr ihre gem\u00fctliche Inselbewohneratmosph\u00e4re bekannt ist. Die Unterbringung erfolgt in einem kleinen G\u00e4stehaus.<\/span><\/p>\n<h2><b>Tag 4: Radtour zur Insel Saaremaa (50 km + 1 Stunde mit der F\u00e4hre + 28 km)<\/b><\/h2>\n<p><span style=\"font-weight: 400;\">Von K\u00e4rdla f\u00fchrt Sie die Route nach S\u00fcd-Hiiumaa und zuerst zur Insel Kassari. Auf Ihrem Weg ist die Vaemla Wollfabrik, in der das Garn mit authentischen Maschinen aus dem letzten Jahrhundert hergestellt wird. Besuchen Sie die romantische Kassari-Kapelle und machen Sie einen Spaziergang (\u00fcberall knorrige Wacholder) zur bekannten Halbinsel S\u00e4\u00e4re. Am Abend bringt Sie die F\u00e4hre zur gr\u00f6\u00dften Insel Estlands &#8211; Saaremaa. \u00dcbernachtung in einem romantischen G\u00e4stehaus. Wenn Sie Natur, Strand und Meer lieben, ist dies der Ort, an dem Sie mehr als eine Nacht verbringen k\u00f6nnen.<\/span><\/p>\n<h2><b>Tag 5: Fahrt in die Hauptstadt von Saaremaa &#8211; Kuressaare (55 km)<\/b><\/h2>\n<p><span style=\"font-weight: 400;\">Windm\u00fchlen gelten als Symbol von Saaremaa. An diesem Tag f\u00fchrt Sie die Stra\u00dfe zum Angla Windm\u00fchlen Dorf, wo Sie die f\u00fcr die Insel Saaremaa charakteristischen Windm\u00fchlen sehen, einem M\u00fcller bei der Arbeit zuschauen und hausgemachtes Brot probieren k\u00f6nnen. Machen Sie einen Stopp im Kaali-Feld der Meteoritenkrater &#8211; dem seltensten Naturwunder in Estland, das gleichzeitig das spektakul\u00e4rste in Eurasien ist. Ihr Ziel &#8211; Kuressaare &#8211; ist ein kleiner und charmanter Sommerurlaubsort, der f\u00fcr seine mittelalterliche Burg bekannt ist. Die Unterbringung erfolgt in einem kleinen Hotel neben dem Schloss, dem Meer.\u00a0<\/span><\/p>\n<h2><b>Tag 6: Fahrt nach Koguva und zur Insel Muhu (78 km)<\/b><\/h2>\n<p><span style=\"font-weight: 400;\">Diese Tages Stra\u00dfe f\u00fchrt Sie zur Insel Muhu. Muhu ist der Ort, an dem die Zeit ruht &#8211; authentische verschlafene Fischerd\u00f6rfer, funktionierende Windm\u00fchlen, strohgedeckte H\u00fctten. Machen Sie einen Halt im Dorf Nautse. Der H\u00f6hepunkt des Tages ist das authentische Dorf und Museum Koguva &#8211; das am besten erhaltene Dorf aus dem 19. Jahrhundert in Estland, in dem alle Geb\u00e4ude architektonische Wahrzeichen sind. \u00dcbernachtung ist in authentischen estnischen Bauernhof.<\/span><\/p>\n<h2><b>Tag 7: Radtour nach Varbla (20 km + 0,5 Stunden F\u00e4hre + 31 km + 0,5 Stunden)<\/b><\/h2>\n<p><span style=\"font-weight: 400;\">Von der Koguva Stra\u00dfe f\u00fchrt Sie durch die Insel Muhu. Machen Sie einen Halt in Liiva und besuchen Sie die sch\u00f6ne fr\u00fchgotische Muhu St. Katharinenkirche. Machen Sie einen kleinen Abstecher zum luxuri\u00f6sen P\u00e4daste Manor. Die F\u00e4hre bringt Sie zur\u00fcck zum Festland. Nach Landung folgen Sie dem Radweg 1 bis zum Meer nach Varbla. Die Unterbringung erfolgt in einer Pension am Meer.<\/span><\/p>\n<h2><b>Tag 8: Radtour nach P\u00e4rnu (70 km)<\/b><\/h2>\n<p><span style=\"font-weight: 400;\">Die ruhige Stra\u00dfe f\u00fchrt durch kleine D\u00f6rfer und f\u00fchrt zum Meer. Genie\u00dfen Sie eine Pause am Strand von Valgeranna und fahren Sie weiter in Estlands Sommerhauptstadt P\u00e4rnu. P\u00e4rnu ist ber\u00fchmt f\u00fcr sein Strandleben und hat es bereits 1890 auf die Liste der russischen kaiserlichen Resorts geschafft. Lange, wei\u00dfe Sandstr\u00e4nde, klares Wasser und die \u201ebeste Sonne Estlands\u201c ziehen Esten und G\u00e4ste gleicherma\u00dfen an. Machen Sie einen Spaziergang auf der wundersch\u00f6nen Strandpromenade, besuchen Sie die Altstadt, trinken Sie eine Tasse Kaffee in der Ammende Villa und genie\u00dfen Sie einfach die Atmosph\u00e4re. \u00dcbernachtung im Hotel, direkt am Fluss, kurze Fahrt vom Strand entfernt.<\/span><\/p>\n<\/div><div class=\"fusion-clearfix\"><\/div><\/div><\/div><div class=\"fusion-layout-column fusion_builder_column fusion-builder-column-4 fusion_builder_column_1_1 1_1 fusion-one-full fusion-column-first fusion-column-last\" style=\"margin-top:0px;margin-bottom:20px;\"><div class=\"fusion-column-wrapper fusion-flex-column-wrapper-legacy\" style=\"background-position:left top;background-repeat:no-repeat;-webkit-background-size:cover;-moz-background-size:cover;-o-background-size:cover;background-size:cover;padding: 0px 0px 0px 0px;\"><div class=\"fusion-menu-anchor\" id=\"price\"><\/div><div class=\"fusion-text fusion-text-4\" style=\"transform:translate3d(0,0,0);\"><h2>Preis<\/h2>\n<p>590 pro Person, inklusive:<\/p>\n<ul>\n<li>Unterkunft 7 N\u00e4chte im Doppel- \/ Zweibettzimmer<\/li>\n<li>7 Fr\u00fchst\u00fcck<\/li>\n<li>T\u00e4gliche Karten &#8211; Papierkopie oder GPS-Datei<\/li>\n<li>Detaillierte Routenbeschreibung<\/li>\n<li>Alle Steuern<\/li>\n<li>Notruf-Support<\/li>\n<\/ul>\n<h2>Zubuchbar:<\/h2>\n<ul>\n<li><span style=\"font-weight: 400;\">Fahrradmiete ca. 20 eur per Tag<\/span><\/li>\n<li>Gep\u00e4cktransport\u00a0 Transfer aus Tallinn<\/li>\n<\/ul>\n<\/div><div class=\"fusion-clearfix\"><\/div><\/div><\/div><\/div><\/div>\n","protected":false},"excerpt":{"rendered":"<p><span style=\"font-weight: 400;\">Wir haben die sch\u00f6nsten Touren f\u00fcr Radfans auf den estnischen Inseln zusammengestellt. In diesem hier finden Sie unsere Vorschl\u00e4ge f\u00fcr die estnischen Inseln Muhu, Saaremaa und Hiiumaa. Estland ist ein flaches Land und\u00a0 Tourenradler werden sich deshalb hier besonders wohlf\u00fchlen. Es gibt kaum l\u00e4stige Steigungen, die einem den Schwei\u00df auf die Stirn treiben. Man kann einfach so radfahren und die wundersch\u00f6ne und sehr abwechslungsreiche Natur bewundern.<\/span><\/p>\n","protected":false},"featured_media":22212,"comment_status":"open","ping_status":"closed","template":"","meta":[],"product_cat":[472,478,460],"product_tag":[],"class_list":["post-22211","product","type-product","status-publish","has-post-thumbnail","hentry","product_cat-estland","product_cat-radreisen","product_cat-reisen"],"yoast_head":"<!-- This site is optimized with the Yoast SEO plugin v21.8 - https:\/\/yoast.com\/wordpress\/plugins\/seo\/ -->\n<title>Fahrradtour Tallinn - Hiiumaa - Saaremaa - Muhumaa - P\u00e4rnu 8 Tage - ActivEst<\/title>\n<meta name=\"robots\" content=\"index, follow, max-snippet:-1, max-image-preview:large, max-video-preview:-1\" \/>\n<link rel=\"canonical\" href=\"https:\/\/activest.ee\/en\/toode\/fahrradtour-tallinn-hiiumaa-saaremaa-muhumaa-paernu-fahrradtour-8-tage\/\" \/>\n<meta property=\"og:locale\" content=\"et_EE\" \/>\n<meta property=\"og:type\" content=\"article\" \/>\n<meta property=\"og:title\" content=\"Fahrradtour Tallinn - Hiiumaa - Saaremaa - Muhumaa - P\u00e4rnu 8 Tage - ActivEst\" \/>\n<meta property=\"og:description\" content=\"Wir haben die sch\u00f6nsten Touren f\u00fcr Radfans auf den estnischen Inseln zusammengestellt. In diesem hier finden Sie unsere Vorschl\u00e4ge f\u00fcr die estnischen Inseln Muhu, Saaremaa und Hiiumaa. Estland ist ein flaches Land und\u00a0 Tourenradler werden sich deshalb hier besonders wohlf\u00fchlen. Es gibt kaum l\u00e4stige Steigungen, die einem den Schwei\u00df auf die Stirn treiben. Man kann einfach so radfahren und die wundersch\u00f6ne und sehr abwechslungsreiche Natur bewundern.\" \/>\n<meta property=\"og:url\" content=\"https:\/\/activest.ee\/en\/toode\/fahrradtour-tallinn-hiiumaa-saaremaa-muhumaa-paernu-fahrradtour-8-tage\/\" \/>\n<meta property=\"og:site_name\" content=\"ActivEst\" \/>\n<meta property=\"article:modified_time\" content=\"2021-01-09T06:41:43+00:00\" \/>\n<meta property=\"og:image\" content=\"https:\/\/activest.ee\/wp-content\/uploads\/2020\/11\/ratas2-scaled.jpg\" \/>\n\t<meta property=\"og:image:width\" content=\"1920\" \/>\n\t<meta property=\"og:image:height\" content=\"2560\" \/>\n\t<meta property=\"og:image:type\" content=\"image\/jpeg\" \/>\n<meta name=\"twitter:card\" content=\"summary_large_image\" \/>\n<meta name=\"twitter:label1\" content=\"Est. reading time\" \/>\n\t<meta name=\"twitter:data1\" content=\"12 minutit\" \/>\n<script type=\"application\/ld+json\" class=\"yoast-schema-graph\">{\"@context\":\"https:\/\/schema.org\",\"@graph\":[{\"@type\":\"WebPage\",\"@id\":\"https:\/\/activest.ee\/en\/toode\/fahrradtour-tallinn-hiiumaa-saaremaa-muhumaa-paernu-fahrradtour-8-tage\/\",\"url\":\"https:\/\/activest.ee\/en\/toode\/fahrradtour-tallinn-hiiumaa-saaremaa-muhumaa-paernu-fahrradtour-8-tage\/\",\"name\":\"Fahrradtour Tallinn - Hiiumaa - Saaremaa - Muhumaa - P\u00e4rnu 8 Tage - ActivEst\",\"isPartOf\":{\"@id\":\"https:\/\/activest.ee\/#website\"},\"datePublished\":\"2020-11-27T15:05:02+00:00\",\"dateModified\":\"2021-01-09T06:41:43+00:00\",\"breadcrumb\":{\"@id\":\"https:\/\/activest.ee\/en\/toode\/fahrradtour-tallinn-hiiumaa-saaremaa-muhumaa-paernu-fahrradtour-8-tage\/#breadcrumb\"},\"inLanguage\":\"et\",\"potentialAction\":[{\"@type\":\"ReadAction\",\"target\":[\"https:\/\/activest.ee\/en\/toode\/fahrradtour-tallinn-hiiumaa-saaremaa-muhumaa-paernu-fahrradtour-8-tage\/\"]}]},{\"@type\":\"BreadcrumbList\",\"@id\":\"https:\/\/activest.ee\/en\/toode\/fahrradtour-tallinn-hiiumaa-saaremaa-muhumaa-paernu-fahrradtour-8-tage\/#breadcrumb\",\"itemListElement\":[{\"@type\":\"ListItem\",\"position\":1,\"name\":\"Home\",\"item\":\"https:\/\/www.activest.ee\/et\/\"},{\"@type\":\"ListItem\",\"position\":2,\"name\":\"Shop\",\"item\":\"https:\/\/www.activest.ee\/et\/shop-2\/\"},{\"@type\":\"ListItem\",\"position\":3,\"name\":\"Fahrradtour Tallinn &#8211; Hiiumaa &#8211; Saaremaa &#8211; Muhumaa &#8211; P\u00e4rnu 8 Tage\"}]},{\"@type\":\"WebSite\",\"@id\":\"https:\/\/activest.ee\/#website\",\"url\":\"https:\/\/activest.ee\/\",\"name\":\"ActivEst\",\"description\":\"Tuurid, perepuhkus, loodusretked, seiklusretked\",\"potentialAction\":[{\"@type\":\"SearchAction\",\"target\":{\"@type\":\"EntryPoint\",\"urlTemplate\":\"https:\/\/activest.ee\/?s={search_term_string}\"},\"query-input\":\"required name=search_term_string\"}],\"inLanguage\":\"et\"}]}<\/script>\n<!-- \/ Yoast SEO plugin. -->","yoast_head_json":{"title":"Fahrradtour Tallinn - Hiiumaa - Saaremaa - Muhumaa - P\u00e4rnu 8 Tage - ActivEst","robots":{"index":"index","follow":"follow","max-snippet":"max-snippet:-1","max-image-preview":"max-image-preview:large","max-video-preview":"max-video-preview:-1"},"canonical":"https:\/\/activest.ee\/en\/toode\/fahrradtour-tallinn-hiiumaa-saaremaa-muhumaa-paernu-fahrradtour-8-tage\/","og_locale":"et_EE","og_type":"article","og_title":"Fahrradtour Tallinn - Hiiumaa - Saaremaa - Muhumaa - P\u00e4rnu 8 Tage - ActivEst","og_description":"Wir haben die sch\u00f6nsten Touren f\u00fcr Radfans auf den estnischen Inseln zusammengestellt. In diesem hier finden Sie unsere Vorschl\u00e4ge f\u00fcr die estnischen Inseln Muhu, Saaremaa und Hiiumaa. Estland ist ein flaches Land und\u00a0 Tourenradler werden sich deshalb hier besonders wohlf\u00fchlen. Es gibt kaum l\u00e4stige Steigungen, die einem den Schwei\u00df auf die Stirn treiben. Man kann einfach so radfahren und die wundersch\u00f6ne und sehr abwechslungsreiche Natur bewundern.","og_url":"https:\/\/activest.ee\/en\/toode\/fahrradtour-tallinn-hiiumaa-saaremaa-muhumaa-paernu-fahrradtour-8-tage\/","og_site_name":"ActivEst","article_modified_time":"2021-01-09T06:41:43+00:00","og_image":[{"width":1920,"height":2560,"url":"https:\/\/activest.ee\/wp-content\/uploads\/2020\/11\/ratas2-scaled.jpg","type":"image\/jpeg"}],"twitter_card":"summary_large_image","twitter_misc":{"Est. reading time":"12 minutit"},"schema":{"@context":"https:\/\/schema.org","@graph":[{"@type":"WebPage","@id":"https:\/\/activest.ee\/en\/toode\/fahrradtour-tallinn-hiiumaa-saaremaa-muhumaa-paernu-fahrradtour-8-tage\/","url":"https:\/\/activest.ee\/en\/toode\/fahrradtour-tallinn-hiiumaa-saaremaa-muhumaa-paernu-fahrradtour-8-tage\/","name":"Fahrradtour Tallinn - Hiiumaa - Saaremaa - Muhumaa - P\u00e4rnu 8 Tage - ActivEst","isPartOf":{"@id":"https:\/\/activest.ee\/#website"},"datePublished":"2020-11-27T15:05:02+00:00","dateModified":"2021-01-09T06:41:43+00:00","breadcrumb":{"@id":"https:\/\/activest.ee\/en\/toode\/fahrradtour-tallinn-hiiumaa-saaremaa-muhumaa-paernu-fahrradtour-8-tage\/#breadcrumb"},"inLanguage":"et","potentialAction":[{"@type":"ReadAction","target":["https:\/\/activest.ee\/en\/toode\/fahrradtour-tallinn-hiiumaa-saaremaa-muhumaa-paernu-fahrradtour-8-tage\/"]}]},{"@type":"BreadcrumbList","@id":"https:\/\/activest.ee\/en\/toode\/fahrradtour-tallinn-hiiumaa-saaremaa-muhumaa-paernu-fahrradtour-8-tage\/#breadcrumb","itemListElement":[{"@type":"ListItem","position":1,"name":"Home","item":"https:\/\/www.activest.ee\/et\/"},{"@type":"ListItem","position":2,"name":"Shop","item":"https:\/\/www.activest.ee\/et\/shop-2\/"},{"@type":"ListItem","position":3,"name":"Fahrradtour Tallinn &#8211; Hiiumaa &#8211; Saaremaa &#8211; Muhumaa &#8211; P\u00e4rnu 8 Tage"}]},{"@type":"WebSite","@id":"https:\/\/activest.ee\/#website","url":"https:\/\/activest.ee\/","name":"ActivEst","description":"Tuurid, perepuhkus, loodusretked, seiklusretked","potentialAction":[{"@type":"SearchAction","target":{"@type":"EntryPoint","urlTemplate":"https:\/\/activest.ee\/?s={search_term_string}"},"query-input":"required name=search_term_string"}],"inLanguage":"et"}]}},"_links":{"self":[{"href":"https:\/\/www.activest.ee\/et\/wp-json\/wp\/v2\/product\/22211","targetHints":{"allow":["GET"]}}],"collection":[{"href":"https:\/\/www.activest.ee\/et\/wp-json\/wp\/v2\/product"}],"about":[{"href":"https:\/\/www.activest.ee\/et\/wp-json\/wp\/v2\/types\/product"}],"replies":[{"embeddable":true,"href":"https:\/\/www.activest.ee\/et\/wp-json\/wp\/v2\/comments?post=22211"}],"wp:featuredmedia":[{"embeddable":true,"href":"https:\/\/www.activest.ee\/et\/wp-json\/wp\/v2\/media\/22212"}],"wp:attachment":[{"href":"https:\/\/www.activest.ee\/et\/wp-json\/wp\/v2\/media?parent=22211"}],"wp:term":[{"taxonomy":"product_cat","embeddable":true,"href":"https:\/\/www.activest.ee\/et\/wp-json\/wp\/v2\/product_cat?post=22211"},{"taxonomy":"product_tag","embeddable":true,"href":"https:\/\/www.activest.ee\/et\/wp-json\/wp\/v2\/product_tag?post=22211"}],"curies":[{"name":"wp","href":"https:\/\/api.w.org\/{rel}","templated":true}]}}